{"id":21,"date":"2018-02-17T16:22:15","date_gmt":"2018-02-17T14:22:15","guid":{"rendered":"http:\/\/www.teemuhaavisto.fi\/?page_id=21"},"modified":"2023-02-17T21:22:47","modified_gmt":"2023-02-17T19:22:47","slug":"yhteystiedot","status":"publish","type":"page","link":"http:\/\/www.teemuhaavisto.fi\/?page_id=21","title":{"rendered":"Yhteystiedot"},"content":{"rendered":"<blockquote>\n<h2><strong>Hieroja Teemu Haavisto<\/strong><\/h2>\n<\/blockquote>\n<h4><em>Linkopolku 4<\/em><\/h4>\n<h4><em>32700 HUITTINEN<\/em><\/h4>\n<p>Puh: 040-575 1177<\/p>\n<p><a href=\"mailto:haavistotj@gmail.com\">haavistotj@gmail.com<\/a><\/p>\n<p><iframe loading=\"lazy\" style=\"border: 0;\" src=\"https:\/\/www.google.com\/maps\/embed?pb=!1m18!1m12!1m3!1d1922.4390373895167!2d22.700423515837453!3d61.1946017671228!2m3!1f0!2f0!3f0!3m2!1i1024!2i768!4f13.1!3m3!1m2!1s0x46894c0218f69f65%3A0xe60a3aa8c36c746a!2sLinkopolku%204%2C%2032700%20Huittinen!5e0!3m2!1sfi!2sfi!4v1581712444663!5m2!1sfi!2sfi\" width=\"600\" height=\"450\" frameborder=\"0\" allowfullscreen=\"allowfullscreen\"><\/iframe><\/p>\n<p>Ajanvarauksen voit tehd\u00e4 tekstiviestill\u00e4, soittamalla tai Timma ajanvarauksessa.<\/p>\n<p>Helppo ja k\u00e4tev\u00e4 ajanvarauspalvelu:<\/p>\n<p><a href=\"https:\/\/timma.fi\/hierojateemuhaavisto\" target=\"_blank\" rel=\"noopener noreferrer\">Timma ajanvaraus<\/a><\/p>\n","protected":false},"excerpt":{"rendered":"<p>Hieroja Teemu Haavisto Linkopolku 4 32700 HUITTINEN Puh: 040-575 1177 haavistotj@gmail.com Ajanvarauksen voit tehd\u00e4 tekstiviestill\u00e4, soittamalla tai Timma ajanvarauksessa. Helppo ja k\u00e4tev\u00e4 ajanvarauspalvelu: Timma ajanvaraus<\/p>\n","protected":false},"author":1,"featured_media":0,"parent":0,"menu_order":0,"comment_status":"closed","ping_status":"closed","template":"","meta":{"footnotes":""},"class_list":{"0":"post-21","1":"page","2":"type-page","3":"status-publish","5":"entry"},"_links":{"self":[{"href":"http:\/\/www.teemuhaavisto.fi\/index.php?rest_route=\/wp\/v2\/pages\/21","targetHints":{"allow":["GET"]}}],"collection":[{"href":"http:\/\/www.teemuhaavisto.fi\/index.php?rest_route=\/wp\/v2\/pages"}],"about":[{"href":"http:\/\/www.teemuhaavisto.fi\/index.php?rest_route=\/wp\/v2\/types\/page"}],"author":[{"embeddable":true,"href":"http:\/\/www.teemuhaavisto.fi\/index.php?rest_route=\/wp\/v2\/users\/1"}],"replies":[{"embeddable":true,"href":"http:\/\/www.teemuhaavisto.fi\/index.php?rest_route=%2Fwp%2Fv2%2Fcomments&post=21"}],"version-history":[{"count":17,"href":"http:\/\/www.teemuhaavisto.fi\/index.php?rest_route=\/wp\/v2\/pages\/21\/revisions"}],"predecessor-version":[{"id":114,"href":"http:\/\/www.teemuhaavisto.fi\/index.php?rest_route=\/wp\/v2\/pages\/21\/revisions\/114"}],"wp:attachment":[{"href":"http:\/\/www.teemuhaavisto.fi\/index.php?rest_route=%2Fwp%2Fv2%2Fmedia&parent=21"}],"curies":[{"name":"wp","href":"https:\/\/api.w.org\/{rel}","templated":true}]}}